{"id":2443,"date":"2015-08-21T08:07:26","date_gmt":"2015-08-21T08:07:26","guid":{"rendered":"http:\/\/www.renama.com.tr\/photo-gallery\/"},"modified":"2026-02-16T15:20:08","modified_gmt":"2026-02-16T12:20:08","slug":"foto-galeri","status":"publish","type":"page","link":"https:\/\/www.renama.com.tr\/?page_id=2443","title":{"rendered":"\u00c7\u00f6z\u00fcm Ortaklar\u0131"},"content":{"rendered":"","protected":false},"excerpt":{"rendered":"","protected":false},"author":1,"featured_media":0,"parent":0,"menu_order":0,"comment_status":"closed","ping_status":"closed","template":"","meta":{"footnotes":""},"class_list":["post-2443","page","type-page","status-publish","hentry"],"_links":{"self":[{"href":"https:\/\/www.renama.com.tr\/index.php?rest_route=\/wp\/v2\/pages\/2443","targetHints":{"allow":["GET"]}}],"collection":[{"href":"https:\/\/www.renama.com.tr\/index.php?rest_route=\/wp\/v2\/pages"}],"about":[{"href":"https:\/\/www.renama.com.tr\/index.php?rest_route=\/wp\/v2\/types\/page"}],"author":[{"embeddable":true,"href":"https:\/\/www.renama.com.tr\/index.php?rest_route=\/wp\/v2\/users\/1"}],"replies":[{"embeddable":true,"href":"https:\/\/www.renama.com.tr\/index.php?rest_route=%2Fwp%2Fv2%2Fcomments&post=2443"}],"version-history":[{"count":5,"href":"https:\/\/www.renama.com.tr\/index.php?rest_route=\/wp\/v2\/pages\/2443\/revisions"}],"predecessor-version":[{"id":3715,"href":"https:\/\/www.renama.com.tr\/index.php?rest_route=\/wp\/v2\/pages\/2443\/revisions\/3715"}],"wp:attachment":[{"href":"https:\/\/www.renama.com.tr\/index.php?rest_route=%2Fwp%2Fv2%2Fmedia&parent=2443"}],"curies":[{"name":"wp","href":"https:\/\/api.w.org\/{rel}","templated":true}]}}